{"id":5191,"date":"2023-01-31T10:58:40","date_gmt":"2023-01-31T13:58:40","guid":{"rendered":"http:\/\/www.ucisecuatorianas.com\/certificados\/"},"modified":"2026-03-18T09:47:27","modified_gmt":"2026-03-18T12:47:27","slug":"certificados","status":"publish","type":"page","link":"https:\/\/www.ucischilenas.com\/pt-br\/certificados\/","title":{"rendered":"Certificados"},"content":{"rendered":"\t\t<div data-elementor-type=\"wp-page\" data-elementor-id=\"5191\" class=\"elementor elementor-5191 elementor-5164\">\n\t\t\t\t\t\t\t\t\t<section class=\"elementor-section elementor-top-section elementor-element elementor-element-028ba41 elementor-section-boxed elementor-section-height-default elementor-section-height-default\" data-id=\"028ba41\" data-element_type=\"section\">\n\t\t\t\t\t\t<div class=\"elementor-container elementor-column-gap-default\">\n\t\t\t\t\t<div class=\"elementor-column elementor-col-100 elementor-top-column elementor-element elementor-element-4f71eea\" data-id=\"4f71eea\" data-element_type=\"column\">\n\t\t\t<div class=\"elementor-widget-wrap elementor-element-populated\">\n\t\t\t\t\t\t\t\t<div class=\"elementor-element elementor-element-67ea12a elementor-widget elementor-widget-heading\" data-id=\"67ea12a\" data-element_type=\"widget\" data-widget_type=\"heading.default\">\n\t\t\t\t<div class=\"elementor-widget-container\">\n\t\t\t<style>\/*! elementor - v3.12.1 - 02-04-2023 *\/\n.elementor-heading-title{padding:0;margin:0;line-height:1}.elementor-widget-heading .elementor-heading-title[class*=elementor-size-]>a{color:inherit;font-size:inherit;line-height:inherit}.elementor-widget-heading .elementor-heading-title.elementor-size-small{font-size:15px}.elementor-widget-heading .elementor-heading-title.elementor-size-medium{font-size:19px}.elementor-widget-heading .elementor-heading-title.elementor-size-large{font-size:29px}.elementor-widget-heading .elementor-heading-title.elementor-size-xl{font-size:39px}.elementor-widget-heading .elementor-heading-title.elementor-size-xxl{font-size:59px}<\/style><h1 class=\"elementor-heading-title elementor-size-large\">Certificado <\/h1>\t\t<\/div>\n\t\t\t\t<\/div>\n\t\t\t\t\t<\/div>\n\t\t<\/div>\n\t\t\t\t\t\t\t<\/div>\n\t\t<\/section>\n\t\t\t\t<section class=\"elementor-section elementor-top-section elementor-element elementor-element-83ef479 elementor-section-boxed elementor-section-height-default elementor-section-height-default\" data-id=\"83ef479\" data-element_type=\"section\" data-settings=\"{&quot;background_background&quot;:&quot;slideshow&quot;,&quot;background_slideshow_gallery&quot;:[{&quot;id&quot;:4302,&quot;url&quot;:&quot;http:\\\/\\\/www.ucismexicanas.com\\\/wp-content\\\/uploads\\\/2022\\\/09\\\/TOPO.png&quot;}],&quot;background_slideshow_loop&quot;:&quot;yes&quot;,&quot;background_slideshow_slide_duration&quot;:5000,&quot;background_slideshow_slide_transition&quot;:&quot;fade&quot;,&quot;background_slideshow_transition_duration&quot;:500}\">\n\t\t\t\t\t\t<div class=\"elementor-container elementor-column-gap-default\">\n\t\t\t\t\t<div class=\"elementor-column elementor-col-100 elementor-top-column elementor-element elementor-element-9db02b3\" data-id=\"9db02b3\" data-element_type=\"column\">\n\t\t\t<div class=\"elementor-widget-wrap elementor-element-populated\">\n\t\t\t\t\t\t\t\t<div class=\"elementor-element elementor-element-bd7fb10 elementor-widget elementor-widget-image\" data-id=\"bd7fb10\" data-element_type=\"widget\" data-widget_type=\"image.default\">\n\t\t\t\t<div class=\"elementor-widget-container\">\n\t\t\t<style>\/*! elementor - v3.12.1 - 02-04-2023 *\/\n.elementor-widget-image{text-align:center}.elementor-widget-image a{display:inline-block}.elementor-widget-image a img[src$=\".svg\"]{width:48px}.elementor-widget-image img{vertical-align:middle;display:inline-block}<\/style>\t\t\t\t\t\t\t\t\t\t\t\t<img decoding=\"async\" loading=\"lazy\" width=\"150\" height=\"150\" src=\"https:\/\/www.ucischilenas.com\/wp-content\/uploads\/2023\/01\/certificado-150x150.png\" class=\"attachment-thumbnail size-thumbnail wp-image-5166\" alt=\"\" srcset=\"https:\/\/www.ucischilenas.com\/wp-content\/uploads\/2023\/01\/certificado-150x150.png 150w, https:\/\/www.ucischilenas.com\/wp-content\/uploads\/2023\/01\/certificado-640x640.png 640w\" sizes=\"(max-width: 150px) 100vw, 150px\" \/>\t\t\t\t\t\t\t\t\t\t\t\t\t\t\t<\/div>\n\t\t\t\t<\/div>\n\t\t\t\t<div class=\"elementor-element elementor-element-bb3226a elementor-widget elementor-widget-heading\" data-id=\"bb3226a\" data-element_type=\"widget\" data-widget_type=\"heading.default\">\n\t\t\t\t<div class=\"elementor-widget-container\">\n\t\t\t<h2 class=\"elementor-heading-title elementor-size-large\">Certificado de participaci\u00f3n en el Registro Nacional de Terapias Intensivas<\/h2>\t\t<\/div>\n\t\t\t\t<\/div>\n\t\t\t\t<div class=\"elementor-element elementor-element-44cd38a elementor-widget elementor-widget-text-editor\" data-id=\"44cd38a\" data-element_type=\"widget\" data-widget_type=\"text-editor.default\">\n\t\t\t\t<div class=\"elementor-widget-container\">\n\t\t\t<style>\/*! elementor - v3.12.1 - 02-04-2023 *\/\n.elementor-widget-text-editor.elementor-drop-cap-view-stacked .elementor-drop-cap{background-color:#69727d;color:#fff}.elementor-widget-text-editor.elementor-drop-cap-view-framed .elementor-drop-cap{color:#69727d;border:3px solid;background-color:transparent}.elementor-widget-text-editor:not(.elementor-drop-cap-view-default) .elementor-drop-cap{margin-top:8px}.elementor-widget-text-editor:not(.elementor-drop-cap-view-default) .elementor-drop-cap-letter{width:1em;height:1em}.elementor-widget-text-editor .elementor-drop-cap{float:left;text-align:center;line-height:1;font-size:50px}.elementor-widget-text-editor .elementor-drop-cap-letter{display:inline-block}<\/style>\t\t\t\t<p>Se otorgar\u00e1 a las UCI que aporten sus datos al Registro Nacional de Terapias Intensivas de forma continua y adecuada.<\/p>\t\t\t\t\t\t<\/div>\n\t\t\t\t<\/div>\n\t\t\t\t<div class=\"elementor-element elementor-element-c5cb336 elementor-widget elementor-widget-image\" data-id=\"c5cb336\" data-element_type=\"widget\" data-widget_type=\"image.default\">\n\t\t\t\t<div class=\"elementor-widget-container\">\n\t\t\t\t\t\t\t\t\t\t\t\t\t\t\t<img decoding=\"async\" loading=\"lazy\" width=\"150\" height=\"150\" src=\"https:\/\/www.ucischilenas.com\/wp-content\/uploads\/2023\/01\/certificado-150x150.png\" class=\"attachment-thumbnail size-thumbnail wp-image-5166\" alt=\"\" srcset=\"https:\/\/www.ucischilenas.com\/wp-content\/uploads\/2023\/01\/certificado-150x150.png 150w, https:\/\/www.ucischilenas.com\/wp-content\/uploads\/2023\/01\/certificado-640x640.png 640w\" sizes=\"(max-width: 150px) 100vw, 150px\" \/>\t\t\t\t\t\t\t\t\t\t\t\t\t\t\t<\/div>\n\t\t\t\t<\/div>\n\t\t\t\t<div class=\"elementor-element elementor-element-3fa35d5 elementor-widget elementor-widget-heading\" data-id=\"3fa35d5\" data-element_type=\"widget\" data-widget_type=\"heading.default\">\n\t\t\t\t<div class=\"elementor-widget-container\">\n\t\t\t<h2 class=\"elementor-heading-title elementor-size-large\">Certificado de calidad y gesti\u00f3n de indicadores de desempe\u00f1o<\/h2>\t\t<\/div>\n\t\t\t\t<\/div>\n\t\t\t\t<div class=\"elementor-element elementor-element-1dc24c3 elementor-widget elementor-widget-text-editor\" data-id=\"1dc24c3\" data-element_type=\"widget\" data-widget_type=\"text-editor.default\">\n\t\t\t\t<div class=\"elementor-widget-container\">\n\t\t\t\t\t\t\t<p>Se otorgar\u00e1 a las UCI que gestionen sus indicadores de calidad y desempe\u00f1o por medio del sistema Epimed Monitor UCI, lo que contribuye a optimizar la calidad de la medicina intensiva en Ecuador.<\/p>\t\t\t\t\t\t<\/div>\n\t\t\t\t<\/div>\n\t\t\t\t<div class=\"elementor-element elementor-element-5f1d73e elementor-widget elementor-widget-image\" data-id=\"5f1d73e\" data-element_type=\"widget\" data-widget_type=\"image.default\">\n\t\t\t\t<div class=\"elementor-widget-container\">\n\t\t\t\t\t\t\t\t\t\t\t\t\t\t\t<img decoding=\"async\" loading=\"lazy\" width=\"150\" height=\"150\" src=\"https:\/\/www.ucischilenas.com\/wp-content\/uploads\/2023\/01\/certificado-150x150.png\" class=\"attachment-thumbnail size-thumbnail wp-image-5166\" alt=\"\" srcset=\"https:\/\/www.ucischilenas.com\/wp-content\/uploads\/2023\/01\/certificado-150x150.png 150w, https:\/\/www.ucischilenas.com\/wp-content\/uploads\/2023\/01\/certificado-640x640.png 640w\" sizes=\"(max-width: 150px) 100vw, 150px\" \/>\t\t\t\t\t\t\t\t\t\t\t\t\t\t\t<\/div>\n\t\t\t\t<\/div>\n\t\t\t\t<div class=\"elementor-element elementor-element-05466e4 elementor-widget elementor-widget-heading\" data-id=\"05466e4\" data-element_type=\"widget\" data-widget_type=\"heading.default\">\n\t\t\t\t<div class=\"elementor-widget-container\">\n\t\t\t<h2 class=\"elementor-heading-title elementor-size-large\">Menci\u00f3n del proyecto en el material de comunicaci\u00f3n y en las Publicaciones cient\u00edficas<\/h2>\t\t<\/div>\n\t\t\t\t<\/div>\n\t\t\t\t<div class=\"elementor-element elementor-element-b61ca18 elementor-widget elementor-widget-text-editor\" data-id=\"b61ca18\" data-element_type=\"widget\" data-widget_type=\"text-editor.default\">\n\t\t\t\t<div class=\"elementor-widget-container\">\n\t\t\t\t\t\t\t<p>Emplee el siguiente texto para mencionar el proyecto UCIs Ecuatorianas en el material de comunicaci\u00f3n y en las publicaciones cient\u00edficas:<\/p><p>Los resultados t\u00e9cnicos de nuestras UCI son monitoreados por la Sociedad Ecuatoriana de Cuidados Intensivos (SECI) y la Federaci\u00f3n Panamericana e Ib\u00e9rica de Medicina Cr\u00edtica y Terapia Intensiva (FEPIMCTI) en el marco del proyecto \u201cUCIs Ecuatorianas\u201d (www.ucisecuatorianas.com).<\/p>\t\t\t\t\t\t<\/div>\n\t\t\t\t<\/div>\n\t\t\t\t\t<\/div>\n\t\t<\/div>\n\t\t\t\t\t\t\t<\/div>\n\t\t<\/section>\n\t\t\t\t\t\t\t<\/div>\n\t\t","protected":false},"excerpt":{"rendered":"<p>Certificado Certificado de participaci\u00f3n en el Registro Nacional de Terapias Intensivas Se otorgar\u00e1 a las UCI que aporten sus datos al Registro Nacional de Terapias Intensivas de [&hellip;]<\/p>\n","protected":false},"author":1,"featured_media":0,"parent":0,"menu_order":0,"comment_status":"closed","ping_status":"closed","template":"","meta":[],"yoast_head":"<!-- This site is optimized with the Yoast SEO plugin v20.5 - https:\/\/yoast.com\/wordpress\/plugins\/seo\/ -->\r\n<title>Certificados - UCIs Peruanas<\/title>\r\n<meta name=\"robots\" content=\"noindex, follow, max-snippet:-1, max-image-preview:large, max-video-preview:-1\" \/>\r\n<meta property=\"og:locale\" content=\"pt_BR\" \/>\r\n<meta property=\"og:type\" content=\"article\" \/>\r\n<meta property=\"og:title\" content=\"Certificados - UCIs Peruanas\" \/>\r\n<meta property=\"og:description\" content=\"Certificado Certificado de participaci\u00f3n en el Registro Nacional de Terapias Intensivas Se otorgar\u00e1 a las UCI que aporten sus datos al Registro Nacional de Terapias Intensivas de [&hellip;]\" \/>\r\n<meta property=\"og:url\" content=\"https:\/\/www.ucischilenas.com\/pt-br\/certificados\/\" \/>\r\n<meta property=\"og:site_name\" content=\"UCIs Peruanas\" \/>\r\n<meta property=\"article:modified_time\" content=\"2026-03-18T12:47:27+00:00\" \/>\r\n<meta property=\"og:image\" content=\"http:\/\/www.ucisecuatorianas.com\/wp-content\/uploads\/2023\/01\/certificado-150x150.png\" \/>\r\n<meta name=\"twitter:card\" content=\"summary_large_image\" \/>\r\n<meta name=\"twitter:label1\" content=\"Est. tempo de leitura\" \/>\n\t<meta name=\"twitter:data1\" content=\"2 minutos\" \/>\r\n<script type=\"application\/ld+json\" class=\"yoast-schema-graph\">{\"@context\":\"https:\/\/schema.org\",\"@graph\":[{\"@type\":\"WebPage\",\"@id\":\"https:\/\/www.ucischilenas.com\/pt-br\/certificados\/\",\"url\":\"https:\/\/www.ucischilenas.com\/pt-br\/certificados\/\",\"name\":\"Certificados - UCIs Peruanas\",\"isPartOf\":{\"@id\":\"https:\/\/www.ucischilenas.com\/pt-br\/#website\"},\"datePublished\":\"2023-01-31T13:58:40+00:00\",\"dateModified\":\"2026-03-18T12:47:27+00:00\",\"breadcrumb\":{\"@id\":\"https:\/\/www.ucischilenas.com\/pt-br\/certificados\/#breadcrumb\"},\"inLanguage\":\"pt-BR\",\"potentialAction\":[{\"@type\":\"ReadAction\",\"target\":[\"https:\/\/www.ucischilenas.com\/pt-br\/certificados\/\"]}]},{\"@type\":\"BreadcrumbList\",\"@id\":\"https:\/\/www.ucischilenas.com\/pt-br\/certificados\/#breadcrumb\",\"itemListElement\":[{\"@type\":\"ListItem\",\"position\":1,\"name\":\"In\u00edcio\",\"item\":\"https:\/\/www.ucischilenas.com\/pt-br\/home\/\"},{\"@type\":\"ListItem\",\"position\":2,\"name\":\"Certificados\"}]},{\"@type\":\"WebSite\",\"@id\":\"https:\/\/www.ucischilenas.com\/pt-br\/#website\",\"url\":\"https:\/\/www.ucischilenas.com\/pt-br\/\",\"name\":\"UCIs Peruanas\",\"description\":\"\",\"potentialAction\":[{\"@type\":\"SearchAction\",\"target\":{\"@type\":\"EntryPoint\",\"urlTemplate\":\"https:\/\/www.ucischilenas.com\/pt-br\/?s={search_term_string}\"},\"query-input\":\"required name=search_term_string\"}],\"inLanguage\":\"pt-BR\"}]}<\/script>\r\n<!-- \/ Yoast SEO plugin. -->","yoast_head_json":{"title":"Certificados - UCIs Peruanas","robots":{"index":"noindex","follow":"follow","max-snippet":"max-snippet:-1","max-image-preview":"max-image-preview:large","max-video-preview":"max-video-preview:-1"},"og_locale":"pt_BR","og_type":"article","og_title":"Certificados - UCIs Peruanas","og_description":"Certificado Certificado de participaci\u00f3n en el Registro Nacional de Terapias Intensivas Se otorgar\u00e1 a las UCI que aporten sus datos al Registro Nacional de Terapias Intensivas de [&hellip;]","og_url":"https:\/\/www.ucischilenas.com\/pt-br\/certificados\/","og_site_name":"UCIs Peruanas","article_modified_time":"2026-03-18T12:47:27+00:00","og_image":[{"url":"http:\/\/www.ucisecuatorianas.com\/wp-content\/uploads\/2023\/01\/certificado-150x150.png"}],"twitter_card":"summary_large_image","twitter_misc":{"Est. tempo de leitura":"2 minutos"},"schema":{"@context":"https:\/\/schema.org","@graph":[{"@type":"WebPage","@id":"https:\/\/www.ucischilenas.com\/pt-br\/certificados\/","url":"https:\/\/www.ucischilenas.com\/pt-br\/certificados\/","name":"Certificados - UCIs Peruanas","isPartOf":{"@id":"https:\/\/www.ucischilenas.com\/pt-br\/#website"},"datePublished":"2023-01-31T13:58:40+00:00","dateModified":"2026-03-18T12:47:27+00:00","breadcrumb":{"@id":"https:\/\/www.ucischilenas.com\/pt-br\/certificados\/#breadcrumb"},"inLanguage":"pt-BR","potentialAction":[{"@type":"ReadAction","target":["https:\/\/www.ucischilenas.com\/pt-br\/certificados\/"]}]},{"@type":"BreadcrumbList","@id":"https:\/\/www.ucischilenas.com\/pt-br\/certificados\/#breadcrumb","itemListElement":[{"@type":"ListItem","position":1,"name":"In\u00edcio","item":"https:\/\/www.ucischilenas.com\/pt-br\/home\/"},{"@type":"ListItem","position":2,"name":"Certificados"}]},{"@type":"WebSite","@id":"https:\/\/www.ucischilenas.com\/pt-br\/#website","url":"https:\/\/www.ucischilenas.com\/pt-br\/","name":"UCIs Peruanas","description":"","potentialAction":[{"@type":"SearchAction","target":{"@type":"EntryPoint","urlTemplate":"https:\/\/www.ucischilenas.com\/pt-br\/?s={search_term_string}"},"query-input":"required name=search_term_string"}],"inLanguage":"pt-BR"}]}},"_links":{"self":[{"href":"https:\/\/www.ucischilenas.com\/pt-br\/wp-json\/wp\/v2\/pages\/5191"}],"collection":[{"href":"https:\/\/www.ucischilenas.com\/pt-br\/wp-json\/wp\/v2\/pages"}],"about":[{"href":"https:\/\/www.ucischilenas.com\/pt-br\/wp-json\/wp\/v2\/types\/page"}],"author":[{"embeddable":true,"href":"https:\/\/www.ucischilenas.com\/pt-br\/wp-json\/wp\/v2\/users\/1"}],"replies":[{"embeddable":true,"href":"https:\/\/www.ucischilenas.com\/pt-br\/wp-json\/wp\/v2\/comments?post=5191"}],"version-history":[{"count":22,"href":"https:\/\/www.ucischilenas.com\/pt-br\/wp-json\/wp\/v2\/pages\/5191\/revisions"}],"predecessor-version":[{"id":6495,"href":"https:\/\/www.ucischilenas.com\/pt-br\/wp-json\/wp\/v2\/pages\/5191\/revisions\/6495"}],"wp:attachment":[{"href":"https:\/\/www.ucischilenas.com\/pt-br\/wp-json\/wp\/v2\/media?parent=5191"}],"curies":[{"name":"wp","href":"https:\/\/api.w.org\/{rel}","templated":true}]}}