{"id":5380,"date":"2022-01-05T06:50:49","date_gmt":"2022-01-05T09:50:49","guid":{"rendered":"http:\/\/www.ucisecuatorianas.com\/?page_id=5380"},"modified":"2026-03-18T09:47:28","modified_gmt":"2026-03-18T12:47:28","slug":"el-proyecto","status":"publish","type":"page","link":"https:\/\/www.ucischilenas.com\/pt-br\/el-proyecto\/","title":{"rendered":"El Proyecto"},"content":{"rendered":"\t\t<div data-elementor-type=\"wp-page\" data-elementor-id=\"5380\" class=\"elementor elementor-5380 elementor-2107\">\n\t\t\t\t\t\t\t\t\t<section class=\"elementor-section elementor-top-section elementor-element elementor-element-bf57bb6 elementor-section-boxed elementor-section-height-default elementor-section-height-default\" data-id=\"bf57bb6\" data-element_type=\"section\">\n\t\t\t\t\t\t<div class=\"elementor-container elementor-column-gap-default\">\n\t\t\t\t\t<div class=\"elementor-column elementor-col-100 elementor-top-column elementor-element elementor-element-3710719\" data-id=\"3710719\" data-element_type=\"column\">\n\t\t\t<div class=\"elementor-widget-wrap elementor-element-populated\">\n\t\t\t\t\t\t\t\t<div class=\"elementor-element elementor-element-b5e4544 elementor-widget elementor-widget-spacer\" data-id=\"b5e4544\" data-element_type=\"widget\" data-widget_type=\"spacer.default\">\n\t\t\t\t<div class=\"elementor-widget-container\">\n\t\t\t<style>\/*! elementor - v3.12.1 - 02-04-2023 *\/\n.elementor-column .elementor-spacer-inner{height:var(--spacer-size)}.e-con{--container-widget-width:100%}.e-con-inner>.elementor-widget-spacer,.e-con>.elementor-widget-spacer{width:var(--container-widget-width,var(--spacer-size));--align-self:var(--container-widget-align-self,initial);--flex-shrink:0}.e-con-inner>.elementor-widget-spacer>.elementor-widget-container,.e-con-inner>.elementor-widget-spacer>.elementor-widget-container>.elementor-spacer,.e-con>.elementor-widget-spacer>.elementor-widget-container,.e-con>.elementor-widget-spacer>.elementor-widget-container>.elementor-spacer{height:100%}.e-con-inner>.elementor-widget-spacer>.elementor-widget-container>.elementor-spacer>.elementor-spacer-inner,.e-con>.elementor-widget-spacer>.elementor-widget-container>.elementor-spacer>.elementor-spacer-inner{height:var(--container-widget-height,var(--spacer-size))}<\/style>\t\t<div class=\"elementor-spacer\">\n\t\t\t<div class=\"elementor-spacer-inner\"><\/div>\n\t\t<\/div>\n\t\t\t\t<\/div>\n\t\t\t\t<\/div>\n\t\t\t\t\t<\/div>\n\t\t<\/div>\n\t\t\t\t\t\t\t<\/div>\n\t\t<\/section>\n\t\t\t\t<section class=\"elementor-section elementor-top-section elementor-element elementor-element-7134793 elementor-section-boxed elementor-section-height-default elementor-section-height-default\" data-id=\"7134793\" data-element_type=\"section\">\n\t\t\t\t\t\t<div class=\"elementor-container elementor-column-gap-default\">\n\t\t\t\t\t<div class=\"elementor-column elementor-col-50 elementor-top-column elementor-element elementor-element-3f79b6c\" data-id=\"3f79b6c\" data-element_type=\"column\">\n\t\t\t<div class=\"elementor-widget-wrap elementor-element-populated\">\n\t\t\t\t\t\t\t\t<div class=\"elementor-element elementor-element-2090b5c elementor-invisible elementor-widget elementor-widget-image\" data-id=\"2090b5c\" data-element_type=\"widget\" data-settings=\"{&quot;_animation&quot;:&quot;fadeIn&quot;}\" data-widget_type=\"image.default\">\n\t\t\t\t<div class=\"elementor-widget-container\">\n\t\t\t<style>\/*! elementor - v3.12.1 - 02-04-2023 *\/\n.elementor-widget-image{text-align:center}.elementor-widget-image a{display:inline-block}.elementor-widget-image a img[src$=\".svg\"]{width:48px}.elementor-widget-image img{vertical-align:middle;display:inline-block}<\/style>\t\t\t\t\t\t\t\t\t\t\t\t<img decoding=\"async\" loading=\"lazy\" width=\"264\" height=\"72\" src=\"https:\/\/www.ucischilenas.com\/wp-content\/uploads\/2023\/05\/logo-uci-uruguayas.png\" class=\"attachment-large size-large wp-image-6304\" alt=\"\" \/>\t\t\t\t\t\t\t\t\t\t\t\t\t\t\t<\/div>\n\t\t\t\t<\/div>\n\t\t\t\t\t<\/div>\n\t\t<\/div>\n\t\t\t\t<div class=\"elementor-column elementor-col-50 elementor-top-column elementor-element elementor-element-ce47222\" data-id=\"ce47222\" data-element_type=\"column\">\n\t\t\t<div class=\"elementor-widget-wrap elementor-element-populated\">\n\t\t\t\t\t\t\t\t<div class=\"elementor-element elementor-element-f8e5d14 elementor-widget elementor-widget-text-editor\" data-id=\"f8e5d14\" data-element_type=\"widget\" data-widget_type=\"text-editor.default\">\n\t\t\t\t<div class=\"elementor-widget-container\">\n\t\t\t<style>\/*! elementor - v3.12.1 - 02-04-2023 *\/\n.elementor-widget-text-editor.elementor-drop-cap-view-stacked .elementor-drop-cap{background-color:#69727d;color:#fff}.elementor-widget-text-editor.elementor-drop-cap-view-framed .elementor-drop-cap{color:#69727d;border:3px solid;background-color:transparent}.elementor-widget-text-editor:not(.elementor-drop-cap-view-default) .elementor-drop-cap{margin-top:8px}.elementor-widget-text-editor:not(.elementor-drop-cap-view-default) .elementor-drop-cap-letter{width:1em;height:1em}.elementor-widget-text-editor .elementor-drop-cap{float:left;text-align:center;line-height:1;font-size:50px}.elementor-widget-text-editor .elementor-drop-cap-letter{display:inline-block}<\/style>\t\t\t\t<div class=\"elementor-element elementor-element-6507536 elementor-widget elementor-widget-text-editor\" data-id=\"6507536\" data-element_type=\"widget\" data-widget_type=\"text-editor.default\"><div class=\"elementor-widget-container\"><p>El proyecto denominado UCIs Chilenas tiene como objetivo caracterizar el perfil epidemiol\u00f3gico de las UCI chilenas y compartir informaci\u00f3n que pueda ser \u00fatil para orientar pol\u00edticas y estrategias de salud para mejorar la atenci\u00f3n de pacientes cr\u00edticos en el pa\u00eds.<\/p><p>Adem\u00e1s, el proyecto tiene como objetivo promover el uso de indicadores de calidad y rendimiento en la gesti\u00f3n de las unidades de cuidados intensivos, mejorar la calidad de los cuidados intensivos y aumentar la seguridad del paciente en Chile.<\/p><p>Iniciativas similares en Latino America y Pen\u00ednsula Ib\u00e9rica, como parte del proyecto UCIs Ibero-americanas, y en pa\u00edses como el Reino Unido (ICNARC), Australia y Nueva Zelanda (ANZICS-CORE), los Paises Bajos (NICE) y Belgica (MICA) se muestran esenciales para mejorar la calidad y la seguridad de los pacientes en estado cr\u00edtico y son una base importante para los proyectos que tienen como objetivo la mejora de la eficiencia de la UCI y para promover la investigaci\u00f3n cl\u00ednica.<\/p><\/div><\/div>\t\t\t\t\t\t<\/div>\n\t\t\t\t<\/div>\n\t\t\t\t\t<\/div>\n\t\t<\/div>\n\t\t\t\t\t\t\t<\/div>\n\t\t<\/section>\n\t\t\t\t<section class=\"elementor-section elementor-top-section elementor-element elementor-element-b37b673 elementor-section-boxed elementor-section-height-default elementor-section-height-default\" data-id=\"b37b673\" data-element_type=\"section\">\n\t\t\t\t\t\t<div class=\"elementor-container elementor-column-gap-default\">\n\t\t\t\t\t<div class=\"elementor-column elementor-col-100 elementor-top-column elementor-element elementor-element-3340d53\" data-id=\"3340d53\" data-element_type=\"column\">\n\t\t\t<div class=\"elementor-widget-wrap elementor-element-populated\">\n\t\t\t\t\t\t\t\t<div class=\"elementor-element elementor-element-e0a0151 elementor-widget elementor-widget-spacer\" data-id=\"e0a0151\" data-element_type=\"widget\" data-widget_type=\"spacer.default\">\n\t\t\t\t<div class=\"elementor-widget-container\">\n\t\t\t\t\t<div class=\"elementor-spacer\">\n\t\t\t<div class=\"elementor-spacer-inner\"><\/div>\n\t\t<\/div>\n\t\t\t\t<\/div>\n\t\t\t\t<\/div>\n\t\t\t\t\t<\/div>\n\t\t<\/div>\n\t\t\t\t\t\t\t<\/div>\n\t\t<\/section>\n\t\t\t\t<section class=\"elementor-section elementor-top-section elementor-element elementor-element-5ccff6a elementor-section-boxed elementor-section-height-default elementor-section-height-default\" data-id=\"5ccff6a\" data-element_type=\"section\">\n\t\t\t\t\t\t<div class=\"elementor-container elementor-column-gap-default\">\n\t\t\t\t\t<div class=\"elementor-column elementor-col-100 elementor-top-column elementor-element elementor-element-f10cdd3\" data-id=\"f10cdd3\" data-element_type=\"column\">\n\t\t\t<div class=\"elementor-widget-wrap elementor-element-populated\">\n\t\t\t\t\t\t\t\t<div class=\"elementor-element elementor-element-f69198f elementor-widget elementor-widget-tf-title-section\" data-id=\"f69198f\" data-element_type=\"widget\" data-widget_type=\"tf-title-section.default\">\n\t\t\t\t<div class=\"elementor-widget-container\">\n\t\t\t<div id=\"tf-title-section-f69198f\" class=\"tf-title-section\" data-tabid=\"f69198f\"> \r\n\t\t\t\t\r\n\t\t\t<div class=\"title-section\">\r\n\t\t\t\t<div class=\"before-heading\"> | Certificados |<\/div>\r\n\t\t\t\t\r\n\t\t\t\t\r\n\t\t\t<\/div>                \r\n            <\/div>\t\t<\/div>\n\t\t\t\t<\/div>\n\t\t\t\t\t<\/div>\n\t\t<\/div>\n\t\t\t\t\t\t\t<\/div>\n\t\t<\/section>\n\t\t\t\t<section class=\"elementor-section elementor-top-section elementor-element elementor-element-dccf49d elementor-section-boxed elementor-section-height-default elementor-section-height-default\" data-id=\"dccf49d\" data-element_type=\"section\">\n\t\t\t\t\t\t<div class=\"elementor-container elementor-column-gap-default\">\n\t\t\t\t\t<div class=\"elementor-column elementor-col-100 elementor-top-column elementor-element elementor-element-5032972\" data-id=\"5032972\" data-element_type=\"column\">\n\t\t\t<div class=\"elementor-widget-wrap elementor-element-populated\">\n\t\t\t\t\t\t\t\t<div class=\"elementor-element elementor-element-65526bb elementor-widget elementor-widget-spacer\" data-id=\"65526bb\" data-element_type=\"widget\" data-widget_type=\"spacer.default\">\n\t\t\t\t<div class=\"elementor-widget-container\">\n\t\t\t\t\t<div class=\"elementor-spacer\">\n\t\t\t<div class=\"elementor-spacer-inner\"><\/div>\n\t\t<\/div>\n\t\t\t\t<\/div>\n\t\t\t\t<\/div>\n\t\t\t\t\t<\/div>\n\t\t<\/div>\n\t\t\t\t\t\t\t<\/div>\n\t\t<\/section>\n\t\t\t\t<section class=\"elementor-section elementor-top-section elementor-element elementor-element-788ef7d elementor-section-boxed elementor-section-height-default elementor-section-height-default\" data-id=\"788ef7d\" data-element_type=\"section\">\n\t\t\t\t\t\t<div class=\"elementor-container elementor-column-gap-default\">\n\t\t\t\t\t<div class=\"elementor-column elementor-col-100 elementor-top-column elementor-element elementor-element-bf2efb9\" data-id=\"bf2efb9\" data-element_type=\"column\">\n\t\t\t<div class=\"elementor-widget-wrap elementor-element-populated\">\n\t\t\t\t\t\t\t\t<div class=\"elementor-element elementor-element-cdc62fc elementor-widget elementor-widget-heading\" data-id=\"cdc62fc\" data-element_type=\"widget\" data-widget_type=\"heading.default\">\n\t\t\t\t<div class=\"elementor-widget-container\">\n\t\t\t<style>\/*! elementor - v3.12.1 - 02-04-2023 *\/\n.elementor-heading-title{padding:0;margin:0;line-height:1}.elementor-widget-heading .elementor-heading-title[class*=elementor-size-]>a{color:inherit;font-size:inherit;line-height:inherit}.elementor-widget-heading .elementor-heading-title.elementor-size-small{font-size:15px}.elementor-widget-heading .elementor-heading-title.elementor-size-medium{font-size:19px}.elementor-widget-heading .elementor-heading-title.elementor-size-large{font-size:29px}.elementor-widget-heading .elementor-heading-title.elementor-size-xl{font-size:39px}.elementor-widget-heading .elementor-heading-title.elementor-size-xxl{font-size:59px}<\/style><h2 class=\"elementor-heading-title elementor-size-default\">Certificado de participaci\u00f3n en el Registro Nacional de Terapia Intensiva<\/h2>\t\t<\/div>\n\t\t\t\t<\/div>\n\t\t\t\t<div class=\"elementor-element elementor-element-1d21be9 elementor-widget elementor-widget-text-editor\" data-id=\"1d21be9\" data-element_type=\"widget\" data-widget_type=\"text-editor.default\">\n\t\t\t\t<div class=\"elementor-widget-container\">\n\t\t\t\t\t\t\t<p>Se otorgar\u00e1 a las UCI que aporten sus datos al Registro Nacional de Terapias Intensivas de forma continua y adecuada<\/p>\t\t\t\t\t\t<\/div>\n\t\t\t\t<\/div>\n\t\t\t\t\t<\/div>\n\t\t<\/div>\n\t\t\t\t\t\t\t<\/div>\n\t\t<\/section>\n\t\t\t\t<section class=\"elementor-section elementor-top-section elementor-element elementor-element-fdfb5fe elementor-section-boxed elementor-section-height-default elementor-section-height-default\" data-id=\"fdfb5fe\" data-element_type=\"section\">\n\t\t\t\t\t\t<div class=\"elementor-container elementor-column-gap-default\">\n\t\t\t\t\t<div class=\"elementor-column elementor-col-100 elementor-top-column elementor-element elementor-element-0785e5c\" data-id=\"0785e5c\" data-element_type=\"column\">\n\t\t\t<div class=\"elementor-widget-wrap elementor-element-populated\">\n\t\t\t\t\t\t\t\t<div class=\"elementor-element elementor-element-05f8ce0 elementor-widget elementor-widget-spacer\" data-id=\"05f8ce0\" data-element_type=\"widget\" data-widget_type=\"spacer.default\">\n\t\t\t\t<div class=\"elementor-widget-container\">\n\t\t\t\t\t<div class=\"elementor-spacer\">\n\t\t\t<div class=\"elementor-spacer-inner\"><\/div>\n\t\t<\/div>\n\t\t\t\t<\/div>\n\t\t\t\t<\/div>\n\t\t\t\t\t<\/div>\n\t\t<\/div>\n\t\t\t\t\t\t\t<\/div>\n\t\t<\/section>\n\t\t\t\t<section class=\"elementor-section elementor-top-section elementor-element elementor-element-5ff6d7d elementor-section-boxed elementor-section-height-default elementor-section-height-default\" data-id=\"5ff6d7d\" data-element_type=\"section\">\n\t\t\t\t\t\t<div class=\"elementor-container elementor-column-gap-default\">\n\t\t\t\t\t<div class=\"elementor-column elementor-col-100 elementor-top-column elementor-element elementor-element-c43f8aa\" data-id=\"c43f8aa\" data-element_type=\"column\">\n\t\t\t<div class=\"elementor-widget-wrap elementor-element-populated\">\n\t\t\t\t\t\t\t\t<div class=\"elementor-element elementor-element-ef11976 elementor-widget elementor-widget-heading\" data-id=\"ef11976\" data-element_type=\"widget\" data-widget_type=\"heading.default\">\n\t\t\t\t<div class=\"elementor-widget-container\">\n\t\t\t<h2 class=\"elementor-heading-title elementor-size-default\">Certificado de calidad y gesti\u00f3n de indicadores de desempe\u00f1o<\/h2>\t\t<\/div>\n\t\t\t\t<\/div>\n\t\t\t\t<div class=\"elementor-element elementor-element-f7f0adf elementor-widget elementor-widget-text-editor\" data-id=\"f7f0adf\" data-element_type=\"widget\" data-widget_type=\"text-editor.default\">\n\t\t\t\t<div class=\"elementor-widget-container\">\n\t\t\t\t\t\t\t<p>Se otorgar\u00e1 a las UCI que gestionen sus indicadores de calidad y desempe\u00f1o por medio del sistema Epimed Monitor UCI, lo que contribuye a optimizar la calidad de la medicina intensiva en Chile.<\/p>\t\t\t\t\t\t<\/div>\n\t\t\t\t<\/div>\n\t\t\t\t\t<\/div>\n\t\t<\/div>\n\t\t\t\t\t\t\t<\/div>\n\t\t<\/section>\n\t\t\t\t<section class=\"elementor-section elementor-top-section elementor-element elementor-element-d30db6b elementor-section-boxed elementor-section-height-default elementor-section-height-default\" data-id=\"d30db6b\" data-element_type=\"section\">\n\t\t\t\t\t\t<div class=\"elementor-container elementor-column-gap-default\">\n\t\t\t\t\t<div class=\"elementor-column elementor-col-100 elementor-top-column elementor-element elementor-element-330f8e4\" data-id=\"330f8e4\" data-element_type=\"column\">\n\t\t\t<div class=\"elementor-widget-wrap elementor-element-populated\">\n\t\t\t\t\t\t\t\t<div class=\"elementor-element elementor-element-c4df789 elementor-widget elementor-widget-spacer\" data-id=\"c4df789\" data-element_type=\"widget\" data-widget_type=\"spacer.default\">\n\t\t\t\t<div class=\"elementor-widget-container\">\n\t\t\t\t\t<div class=\"elementor-spacer\">\n\t\t\t<div class=\"elementor-spacer-inner\"><\/div>\n\t\t<\/div>\n\t\t\t\t<\/div>\n\t\t\t\t<\/div>\n\t\t\t\t\t<\/div>\n\t\t<\/div>\n\t\t\t\t\t\t\t<\/div>\n\t\t<\/section>\n\t\t\t\t<section class=\"elementor-section elementor-top-section elementor-element elementor-element-4b07401 elementor-section-boxed elementor-section-height-default elementor-section-height-default\" data-id=\"4b07401\" data-element_type=\"section\">\n\t\t\t\t\t\t<div class=\"elementor-container elementor-column-gap-default\">\n\t\t\t\t\t<div class=\"elementor-column elementor-col-100 elementor-top-column elementor-element elementor-element-904f2d7\" data-id=\"904f2d7\" data-element_type=\"column\">\n\t\t\t<div class=\"elementor-widget-wrap elementor-element-populated\">\n\t\t\t\t\t\t\t\t<div class=\"elementor-element elementor-element-7099567 elementor-widget elementor-widget-heading\" data-id=\"7099567\" data-element_type=\"widget\" data-widget_type=\"heading.default\">\n\t\t\t\t<div class=\"elementor-widget-container\">\n\t\t\t<h2 class=\"elementor-heading-title elementor-size-default\">Menci\u00f3n del proyecto en el material de comunicaci\u00f3n y en las Publicaciones cient\u00edficas<\/h2>\t\t<\/div>\n\t\t\t\t<\/div>\n\t\t\t\t<div class=\"elementor-element elementor-element-1a03c7c elementor-widget elementor-widget-text-editor\" data-id=\"1a03c7c\" data-element_type=\"widget\" data-widget_type=\"text-editor.default\">\n\t\t\t\t<div class=\"elementor-widget-container\">\n\t\t\t\t\t\t\t<div class=\"elementor-element elementor-element-b61ca18 elementor-widget elementor-widget-text-editor\" data-id=\"b61ca18\" data-element_type=\"widget\" data-widget_type=\"text-editor.default\"><div class=\"elementor-widget-container\"><p>Emplee el siguiente texto para mencionar el proyecto UCIs Chilenas en el material de comunicaci\u00f3n y en las publicaciones cient\u00edficas:<\/p><p>Los resultados t\u00e9cnicos de nuestras UCI son monitoreados por la Sociedad Chilena de Medicina Intensiva (SOCHIMI) y la Federaci\u00f3n Panamericana e Ib\u00e9rica de Medicina Cr\u00edtica y Terapia Intensiva (FEPIMCTI) en el marco del proyecto \u201cUCIs Chilenas\u201d (www.ucischilenas.com).<\/p><\/div><\/div>\t\t\t\t\t\t<\/div>\n\t\t\t\t<\/div>\n\t\t\t\t\t<\/div>\n\t\t<\/div>\n\t\t\t\t\t\t\t<\/div>\n\t\t<\/section>\n\t\t\t\t\t\t\t<\/div>\n\t\t","protected":false},"excerpt":{"rendered":"<p>El proyecto denominado UCIs Chilenas tiene como objetivo caracterizar el perfil epidemiol\u00f3gico de las UCI chilenas y compartir informaci\u00f3n que pueda ser \u00fatil para orientar pol\u00edticas y [&hellip;]<\/p>\n","protected":false},"author":1,"featured_media":0,"parent":0,"menu_order":0,"comment_status":"closed","ping_status":"closed","template":"elementor_header_footer","meta":[],"yoast_head":"<!-- This site is optimized with the Yoast SEO plugin v20.5 - https:\/\/yoast.com\/wordpress\/plugins\/seo\/ -->\r\n<title>El Proyecto - UCIs Peruanas<\/title>\r\n<meta name=\"robots\" content=\"noindex, follow, max-snippet:-1, max-image-preview:large, max-video-preview:-1\" \/>\r\n<meta property=\"og:locale\" content=\"pt_BR\" \/>\r\n<meta property=\"og:type\" content=\"article\" \/>\r\n<meta property=\"og:title\" content=\"El Proyecto - UCIs Peruanas\" \/>\r\n<meta property=\"og:description\" content=\"El proyecto denominado UCIs Chilenas tiene como objetivo caracterizar el perfil epidemiol\u00f3gico de las UCI chilenas y compartir informaci\u00f3n que pueda ser \u00fatil para orientar pol\u00edticas y [&hellip;]\" \/>\r\n<meta property=\"og:url\" content=\"https:\/\/www.ucischilenas.com\/pt-br\/el-proyecto\/\" \/>\r\n<meta property=\"og:site_name\" content=\"UCIs Peruanas\" \/>\r\n<meta property=\"article:modified_time\" content=\"2026-03-18T12:47:28+00:00\" \/>\r\n<meta property=\"og:image\" content=\"https:\/\/www.ucischilenas.com\/wp-content\/uploads\/2023\/05\/logo-uci-uruguayas.png\" \/>\r\n<meta name=\"twitter:card\" content=\"summary_large_image\" \/>\r\n<meta name=\"twitter:label1\" content=\"Est. tempo de leitura\" \/>\n\t<meta name=\"twitter:data1\" content=\"3 minutos\" \/>\r\n<script type=\"application\/ld+json\" class=\"yoast-schema-graph\">{\"@context\":\"https:\/\/schema.org\",\"@graph\":[{\"@type\":\"WebPage\",\"@id\":\"https:\/\/www.ucischilenas.com\/pt-br\/el-proyecto\/\",\"url\":\"https:\/\/www.ucischilenas.com\/pt-br\/el-proyecto\/\",\"name\":\"El Proyecto - UCIs Peruanas\",\"isPartOf\":{\"@id\":\"https:\/\/www.ucischilenas.com\/pt-br\/#website\"},\"datePublished\":\"2022-01-05T09:50:49+00:00\",\"dateModified\":\"2026-03-18T12:47:28+00:00\",\"breadcrumb\":{\"@id\":\"https:\/\/www.ucischilenas.com\/pt-br\/el-proyecto\/#breadcrumb\"},\"inLanguage\":\"pt-BR\",\"potentialAction\":[{\"@type\":\"ReadAction\",\"target\":[\"https:\/\/www.ucischilenas.com\/pt-br\/el-proyecto\/\"]}]},{\"@type\":\"BreadcrumbList\",\"@id\":\"https:\/\/www.ucischilenas.com\/pt-br\/el-proyecto\/#breadcrumb\",\"itemListElement\":[{\"@type\":\"ListItem\",\"position\":1,\"name\":\"In\u00edcio\",\"item\":\"https:\/\/www.ucischilenas.com\/pt-br\/home\/\"},{\"@type\":\"ListItem\",\"position\":2,\"name\":\"El Proyecto\"}]},{\"@type\":\"WebSite\",\"@id\":\"https:\/\/www.ucischilenas.com\/pt-br\/#website\",\"url\":\"https:\/\/www.ucischilenas.com\/pt-br\/\",\"name\":\"UCIs Peruanas\",\"description\":\"\",\"potentialAction\":[{\"@type\":\"SearchAction\",\"target\":{\"@type\":\"EntryPoint\",\"urlTemplate\":\"https:\/\/www.ucischilenas.com\/pt-br\/?s={search_term_string}\"},\"query-input\":\"required name=search_term_string\"}],\"inLanguage\":\"pt-BR\"}]}<\/script>\r\n<!-- \/ Yoast SEO plugin. -->","yoast_head_json":{"title":"El Proyecto - UCIs Peruanas","robots":{"index":"noindex","follow":"follow","max-snippet":"max-snippet:-1","max-image-preview":"max-image-preview:large","max-video-preview":"max-video-preview:-1"},"og_locale":"pt_BR","og_type":"article","og_title":"El Proyecto - UCIs Peruanas","og_description":"El proyecto denominado UCIs Chilenas tiene como objetivo caracterizar el perfil epidemiol\u00f3gico de las UCI chilenas y compartir informaci\u00f3n que pueda ser \u00fatil para orientar pol\u00edticas y [&hellip;]","og_url":"https:\/\/www.ucischilenas.com\/pt-br\/el-proyecto\/","og_site_name":"UCIs Peruanas","article_modified_time":"2026-03-18T12:47:28+00:00","og_image":[{"url":"https:\/\/www.ucischilenas.com\/wp-content\/uploads\/2023\/05\/logo-uci-uruguayas.png"}],"twitter_card":"summary_large_image","twitter_misc":{"Est. tempo de leitura":"3 minutos"},"schema":{"@context":"https:\/\/schema.org","@graph":[{"@type":"WebPage","@id":"https:\/\/www.ucischilenas.com\/pt-br\/el-proyecto\/","url":"https:\/\/www.ucischilenas.com\/pt-br\/el-proyecto\/","name":"El Proyecto - UCIs Peruanas","isPartOf":{"@id":"https:\/\/www.ucischilenas.com\/pt-br\/#website"},"datePublished":"2022-01-05T09:50:49+00:00","dateModified":"2026-03-18T12:47:28+00:00","breadcrumb":{"@id":"https:\/\/www.ucischilenas.com\/pt-br\/el-proyecto\/#breadcrumb"},"inLanguage":"pt-BR","potentialAction":[{"@type":"ReadAction","target":["https:\/\/www.ucischilenas.com\/pt-br\/el-proyecto\/"]}]},{"@type":"BreadcrumbList","@id":"https:\/\/www.ucischilenas.com\/pt-br\/el-proyecto\/#breadcrumb","itemListElement":[{"@type":"ListItem","position":1,"name":"In\u00edcio","item":"https:\/\/www.ucischilenas.com\/pt-br\/home\/"},{"@type":"ListItem","position":2,"name":"El Proyecto"}]},{"@type":"WebSite","@id":"https:\/\/www.ucischilenas.com\/pt-br\/#website","url":"https:\/\/www.ucischilenas.com\/pt-br\/","name":"UCIs Peruanas","description":"","potentialAction":[{"@type":"SearchAction","target":{"@type":"EntryPoint","urlTemplate":"https:\/\/www.ucischilenas.com\/pt-br\/?s={search_term_string}"},"query-input":"required name=search_term_string"}],"inLanguage":"pt-BR"}]}},"_links":{"self":[{"href":"https:\/\/www.ucischilenas.com\/pt-br\/wp-json\/wp\/v2\/pages\/5380"}],"collection":[{"href":"https:\/\/www.ucischilenas.com\/pt-br\/wp-json\/wp\/v2\/pages"}],"about":[{"href":"https:\/\/www.ucischilenas.com\/pt-br\/wp-json\/wp\/v2\/types\/page"}],"author":[{"embeddable":true,"href":"https:\/\/www.ucischilenas.com\/pt-br\/wp-json\/wp\/v2\/users\/1"}],"replies":[{"embeddable":true,"href":"https:\/\/www.ucischilenas.com\/pt-br\/wp-json\/wp\/v2\/comments?post=5380"}],"version-history":[{"count":73,"href":"https:\/\/www.ucischilenas.com\/pt-br\/wp-json\/wp\/v2\/pages\/5380\/revisions"}],"predecessor-version":[{"id":6503,"href":"https:\/\/www.ucischilenas.com\/pt-br\/wp-json\/wp\/v2\/pages\/5380\/revisions\/6503"}],"wp:attachment":[{"href":"https:\/\/www.ucischilenas.com\/pt-br\/wp-json\/wp\/v2\/media?parent=5380"}],"curies":[{"name":"wp","href":"https:\/\/api.w.org\/{rel}","templated":true}]}}