{"id":6043,"date":"2023-04-19T11:19:11","date_gmt":"2023-04-19T14:19:11","guid":{"rendered":"https:\/\/www.ucisperuanas.com\/?page_id=6043"},"modified":"2023-06-01T11:46:02","modified_gmt":"2023-06-01T14:46:02","slug":"sochimi","status":"publish","type":"page","link":"https:\/\/www.ucischilenas.com\/pt-br\/sochimi\/","title":{"rendered":"SOCHINI"},"content":{"rendered":"\t\t<div data-elementor-type=\"wp-page\" data-elementor-id=\"6043\" class=\"elementor elementor-6043 elementor-6041\">\n\t\t\t\t\t\t\t\t\t<section class=\"elementor-section elementor-top-section elementor-element elementor-element-2e8b1fb elementor-section-boxed elementor-section-height-default elementor-section-height-default\" data-id=\"2e8b1fb\" data-element_type=\"section\">\n\t\t\t\t\t\t<div class=\"elementor-container elementor-column-gap-default\">\n\t\t\t\t\t<div class=\"elementor-column elementor-col-100 elementor-top-column elementor-element elementor-element-9c61011\" data-id=\"9c61011\" data-element_type=\"column\">\n\t\t\t<div class=\"elementor-widget-wrap elementor-element-populated\">\n\t\t\t\t\t\t\t\t<div class=\"elementor-element elementor-element-60755bf elementor-widget elementor-widget-spacer\" data-id=\"60755bf\" data-element_type=\"widget\" data-widget_type=\"spacer.default\">\n\t\t\t\t<div class=\"elementor-widget-container\">\n\t\t\t<style>\/*! elementor - v3.12.1 - 02-04-2023 *\/\n.elementor-column .elementor-spacer-inner{height:var(--spacer-size)}.e-con{--container-widget-width:100%}.e-con-inner>.elementor-widget-spacer,.e-con>.elementor-widget-spacer{width:var(--container-widget-width,var(--spacer-size));--align-self:var(--container-widget-align-self,initial);--flex-shrink:0}.e-con-inner>.elementor-widget-spacer>.elementor-widget-container,.e-con-inner>.elementor-widget-spacer>.elementor-widget-container>.elementor-spacer,.e-con>.elementor-widget-spacer>.elementor-widget-container,.e-con>.elementor-widget-spacer>.elementor-widget-container>.elementor-spacer{height:100%}.e-con-inner>.elementor-widget-spacer>.elementor-widget-container>.elementor-spacer>.elementor-spacer-inner,.e-con>.elementor-widget-spacer>.elementor-widget-container>.elementor-spacer>.elementor-spacer-inner{height:var(--container-widget-height,var(--spacer-size))}<\/style>\t\t<div class=\"elementor-spacer\">\n\t\t\t<div class=\"elementor-spacer-inner\"><\/div>\n\t\t<\/div>\n\t\t\t\t<\/div>\n\t\t\t\t<\/div>\n\t\t\t\t\t<\/div>\n\t\t<\/div>\n\t\t\t\t\t\t\t<\/div>\n\t\t<\/section>\n\t\t\t\t<section class=\"elementor-section elementor-top-section elementor-element elementor-element-83ef479 elementor-section-boxed elementor-section-height-default elementor-section-height-default\" data-id=\"83ef479\" data-element_type=\"section\" data-settings=\"{&quot;background_background&quot;:&quot;slideshow&quot;,&quot;background_slideshow_gallery&quot;:[],&quot;background_slideshow_loop&quot;:&quot;yes&quot;,&quot;background_slideshow_slide_duration&quot;:5000,&quot;background_slideshow_slide_transition&quot;:&quot;fade&quot;,&quot;background_slideshow_transition_duration&quot;:500}\">\n\t\t\t\t\t\t\t<div class=\"elementor-background-overlay\"><\/div>\n\t\t\t\t\t\t\t<div class=\"elementor-container elementor-column-gap-default\">\n\t\t\t\t\t<div class=\"elementor-column elementor-col-33 elementor-top-column elementor-element elementor-element-9db02b3\" data-id=\"9db02b3\" data-element_type=\"column\">\n\t\t\t<div class=\"elementor-widget-wrap elementor-element-populated\">\n\t\t\t\t\t\t\t\t<div class=\"elementor-element elementor-element-67ea12a elementor-widget elementor-widget-heading\" data-id=\"67ea12a\" data-element_type=\"widget\" data-widget_type=\"heading.default\">\n\t\t\t\t<div class=\"elementor-widget-container\">\n\t\t\t<style>\/*! elementor - v3.12.1 - 02-04-2023 *\/\n.elementor-heading-title{padding:0;margin:0;line-height:1}.elementor-widget-heading .elementor-heading-title[class*=elementor-size-]>a{color:inherit;font-size:inherit;line-height:inherit}.elementor-widget-heading .elementor-heading-title.elementor-size-small{font-size:15px}.elementor-widget-heading .elementor-heading-title.elementor-size-medium{font-size:19px}.elementor-widget-heading .elementor-heading-title.elementor-size-large{font-size:29px}.elementor-widget-heading .elementor-heading-title.elementor-size-xl{font-size:39px}.elementor-widget-heading .elementor-heading-title.elementor-size-xxl{font-size:59px}<\/style><h1 class=\"elementor-heading-title elementor-size-large\">SOCHIMI<\/h1>\t\t<\/div>\n\t\t\t\t<\/div>\n\t\t\t\t<div class=\"elementor-element elementor-element-44cd38a elementor-widget elementor-widget-text-editor\" data-id=\"44cd38a\" data-element_type=\"widget\" data-widget_type=\"text-editor.default\">\n\t\t\t\t<div class=\"elementor-widget-container\">\n\t\t\t<style>\/*! elementor - v3.12.1 - 02-04-2023 *\/\n.elementor-widget-text-editor.elementor-drop-cap-view-stacked .elementor-drop-cap{background-color:#69727d;color:#fff}.elementor-widget-text-editor.elementor-drop-cap-view-framed .elementor-drop-cap{color:#69727d;border:3px solid;background-color:transparent}.elementor-widget-text-editor:not(.elementor-drop-cap-view-default) .elementor-drop-cap{margin-top:8px}.elementor-widget-text-editor:not(.elementor-drop-cap-view-default) .elementor-drop-cap-letter{width:1em;height:1em}.elementor-widget-text-editor .elementor-drop-cap{float:left;text-align:center;line-height:1;font-size:50px}.elementor-widget-text-editor .elementor-drop-cap-letter{display:inline-block}<\/style>\t\t\t\t<p>A <b>Sociedade Chilena de Medicina Intensiva (SOCHIMI)<\/b> \u00e9 uma entidade de natureza cient\u00edfica docente e n\u00e3o ter\u00e1 fins lucrativos. A localiza\u00e7\u00e3o da Sociedade fica no munic\u00edpio da Prov\u00edncia, Prov\u00edncia de Santiago, Regi\u00e3o Metropolitana.<\/p><p>Para mais informa\u00e7\u00f5es, visite: <a href=\"https:\/\/www.medicina-intensiva.cl\/site\/\" target=\"_blank\" rel=\"noopener\">www.medicina-intensiva.cl<\/a><\/p>\t\t\t\t\t\t<\/div>\n\t\t\t\t<\/div>\n\t\t\t\t\t<\/div>\n\t\t<\/div>\n\t\t\t\t<div class=\"elementor-column elementor-col-66 elementor-top-column elementor-element elementor-element-6e74ff5\" data-id=\"6e74ff5\" data-element_type=\"column\">\n\t\t\t<div class=\"elementor-widget-wrap elementor-element-populated\">\n\t\t\t\t\t\t\t\t<div class=\"elementor-element elementor-element-bd7fb10 elementor-widget elementor-widget-image\" data-id=\"bd7fb10\" data-element_type=\"widget\" data-widget_type=\"image.default\">\n\t\t\t\t<div class=\"elementor-widget-container\">\n\t\t\t<style>\/*! elementor - v3.12.1 - 02-04-2023 *\/\n.elementor-widget-image{text-align:center}.elementor-widget-image a{display:inline-block}.elementor-widget-image a img[src$=\".svg\"]{width:48px}.elementor-widget-image img{vertical-align:middle;display:inline-block}<\/style>\t\t\t\t\t\t\t\t\t\t\t\t<img decoding=\"async\" loading=\"lazy\" width=\"300\" height=\"300\" src=\"https:\/\/www.ucischilenas.com\/wp-content\/uploads\/2023\/05\/logo-SOCHIMI-300x300.png\" class=\"attachment-medium size-medium wp-image-6349\" alt=\"\" srcset=\"https:\/\/www.ucischilenas.com\/wp-content\/uploads\/2023\/05\/logo-SOCHIMI-300x300.png 300w, https:\/\/www.ucischilenas.com\/wp-content\/uploads\/2023\/05\/logo-SOCHIMI-150x150.png 150w, https:\/\/www.ucischilenas.com\/wp-content\/uploads\/2023\/05\/logo-SOCHIMI.png 512w\" sizes=\"(max-width: 300px) 100vw, 300px\" \/>\t\t\t\t\t\t\t\t\t\t\t\t\t\t\t<\/div>\n\t\t\t\t<\/div>\n\t\t\t\t\t<\/div>\n\t\t<\/div>\n\t\t\t\t\t\t\t<\/div>\n\t\t<\/section>\n\t\t\t\t<section class=\"elementor-section elementor-top-section elementor-element elementor-element-8c95d26 elementor-section-boxed elementor-section-height-default elementor-section-height-default\" data-id=\"8c95d26\" data-element_type=\"section\">\n\t\t\t\t\t\t<div class=\"elementor-container elementor-column-gap-default\">\n\t\t\t\t\t<div class=\"elementor-column elementor-col-33 elementor-top-column elementor-element elementor-element-b673b0e\" data-id=\"b673b0e\" data-element_type=\"column\">\n\t\t\t<div class=\"elementor-widget-wrap elementor-element-populated\">\n\t\t\t\t\t\t\t\t<div class=\"elementor-element elementor-element-65f415d elementor-widget elementor-widget-spacer\" data-id=\"65f415d\" data-element_type=\"widget\" data-widget_type=\"spacer.default\">\n\t\t\t\t<div class=\"elementor-widget-container\">\n\t\t\t\t\t<div class=\"elementor-spacer\">\n\t\t\t<div class=\"elementor-spacer-inner\"><\/div>\n\t\t<\/div>\n\t\t\t\t<\/div>\n\t\t\t\t<\/div>\n\t\t\t\t<div class=\"elementor-element elementor-element-d11cbec elementor-widget elementor-widget-heading\" data-id=\"d11cbec\" data-element_type=\"widget\" data-widget_type=\"heading.default\">\n\t\t\t\t<div class=\"elementor-widget-container\">\n\t\t\t<h2 class=\"elementor-heading-title elementor-size-default\">Os objetivos da Sociedade s\u00e3o os seguintes:<\/h2>\t\t<\/div>\n\t\t\t\t<\/div>\n\t\t\t\t<div class=\"elementor-element elementor-element-6057437 elementor-widget elementor-widget-spacer\" data-id=\"6057437\" data-element_type=\"widget\" data-widget_type=\"spacer.default\">\n\t\t\t\t<div class=\"elementor-widget-container\">\n\t\t\t\t\t<div class=\"elementor-spacer\">\n\t\t\t<div class=\"elementor-spacer-inner\"><\/div>\n\t\t<\/div>\n\t\t\t\t<\/div>\n\t\t\t\t<\/div>\n\t\t\t\t<div class=\"elementor-element elementor-element-2aef4ad elementor-widget elementor-widget-tf-list\" data-id=\"2aef4ad\" data-element_type=\"widget\" data-widget_type=\"tf-list.default\">\n\t\t\t\t<div class=\"elementor-widget-container\">\n\t\t\t<div id=\"tf-list-2aef4ad\" class=\"tf-list\" data-tabid=\"2aef4ad\"> \r\n\t\t\t\t<div class=\"item-list\">\r\n\t\t\t\t\t\t\t\t\t<div class=\"before-title\"> 01 <\/div>\r\n\t\t\t\t\t\t\t\t\t<div class=\"content\"> <div class=\"text\">Reunir m\u00e9dicos e profissionais ligados \u00e0 especialidade que atuam em Unidades de Pacientes Cr\u00edticos de todo o Pa\u00eds para a unifica\u00e7\u00e3o de crit\u00e9rios diagn\u00f3sticos e terapias desse tipo de medicina;\n<\/div><\/div>\r\n\t\t\t\t\t\t\t\t<\/div><div class=\"item-list\">\r\n\t\t\t\t\t\t\t\t\t<div class=\"before-title\"> 02 <\/div>\r\n\t\t\t\t\t\t\t\t\t<div class=\"content\"> <div class=\"text\">Promover o desenvolvimento cient\u00edfico, docente ou operacional das diferentes unidades;<\/div><\/div>\r\n\t\t\t\t\t\t\t\t<\/div><div class=\"item-list\">\r\n\t\t\t\t\t\t\t\t\t<div class=\"before-title\"> 03 <\/div>\r\n\t\t\t\t\t\t\t\t\t<div class=\"content\"> <div class=\"text\">Promover e incentivar cursos e programas voltados ao treinamento, aperfei\u00e7oamento, atualiza\u00e7\u00e3o e treinamento cont\u00ednuo na especialidade de Medicina Intensiva;<\/div><\/div>\r\n\t\t\t\t\t\t\t\t<\/div><div class=\"item-list\">\r\n\t\t\t\t\t\t\t\t\t<div class=\"before-title\"> 04 <\/div>\r\n\t\t\t\t\t\t\t\t\t<div class=\"content\"> <div class=\"text\">Organizar, realizar e promover congressos, confer\u00eancias, semin\u00e1rios e reuni\u00f5es relacionadas com o objetivo de promover o desenvolvimento e aperfei\u00e7oamento deste tipo de medicina;<\/div><\/div>\r\n\t\t\t\t\t\t\t\t<\/div><div class=\"item-list\">\r\n\t\t\t\t\t\t\t\t\t<div class=\"before-title\"> 05 <\/div>\r\n\t\t\t\t\t\t\t\t\t<div class=\"content\"> <div class=\"text\">Estabelecer os crit\u00e9rios para o reconhecimento e recredenciamento do t\u00edtulo de \"Especialista em Medicina Intensiva\" perante os \u00f3rg\u00e3os correspondentes;<\/div><\/div>\r\n\t\t\t\t\t\t\t\t<\/div>                \r\n            <\/div>\t\t<\/div>\n\t\t\t\t<\/div>\n\t\t\t\t\t<\/div>\n\t\t<\/div>\n\t\t\t\t<div class=\"elementor-column elementor-col-33 elementor-top-column elementor-element elementor-element-b50824c\" data-id=\"b50824c\" data-element_type=\"column\">\n\t\t\t<div class=\"elementor-widget-wrap\">\n\t\t\t\t\t\t\t\t\t<\/div>\n\t\t<\/div>\n\t\t\t\t<div class=\"elementor-column elementor-col-33 elementor-top-column elementor-element elementor-element-e3e287e\" data-id=\"e3e287e\" data-element_type=\"column\">\n\t\t\t<div class=\"elementor-widget-wrap elementor-element-populated\">\n\t\t\t\t\t\t\t\t<div class=\"elementor-element elementor-element-8881d96 elementor-widget elementor-widget-spacer\" data-id=\"8881d96\" data-element_type=\"widget\" data-widget_type=\"spacer.default\">\n\t\t\t\t<div class=\"elementor-widget-container\">\n\t\t\t\t\t<div class=\"elementor-spacer\">\n\t\t\t<div class=\"elementor-spacer-inner\"><\/div>\n\t\t<\/div>\n\t\t\t\t<\/div>\n\t\t\t\t<\/div>\n\t\t\t\t<div class=\"elementor-element elementor-element-a039f5e elementor-widget elementor-widget-tf-list\" data-id=\"a039f5e\" data-element_type=\"widget\" data-widget_type=\"tf-list.default\">\n\t\t\t\t<div class=\"elementor-widget-container\">\n\t\t\t<div id=\"tf-list-a039f5e\" class=\"tf-list\" data-tabid=\"a039f5e\"> \r\n\t\t\t\t<div class=\"item-list\">\r\n\t\t\t\t\t\t\t\t\t<div class=\"before-title\"> 06 <\/div>\r\n\t\t\t\t\t\t\t\t\t<div class=\"content\"> <div class=\"text\">Propor, Assessorar e colaborar com as entidades formadoras na elabora\u00e7\u00e3o, execu\u00e7\u00e3o e aperfei\u00e7oamento de programas destinados ao treinamento e atualiza\u00e7\u00e3o de especialistas nesta \u00e1rea, de forma a assegurar um treinamento homog\u00eaneo;<\/div><\/div>\r\n\t\t\t\t\t\t\t\t<\/div><div class=\"item-list\">\r\n\t\t\t\t\t\t\t\t\t<div class=\"before-title\"> 07 <\/div>\r\n\t\t\t\t\t\t\t\t\t<div class=\"content\"> <div class=\"text\">Promover a publica\u00e7\u00e3o cient\u00edfica que represente o pensamento da Sociedade;<\/div><\/div>\r\n\t\t\t\t\t\t\t\t<\/div><div class=\"item-list\">\r\n\t\t\t\t\t\t\t\t\t<div class=\"before-title\"> 08 <\/div>\r\n\t\t\t\t\t\t\t\t\t<div class=\"content\"> <div class=\"text\">Indicar os requisitos m\u00ednimos para o funcionamento das Unidades de Pacientes Cr\u00edticos ao \u00f3rg\u00e3o correspondente e instruir sobre seu equipamento;<\/div><\/div>\r\n\t\t\t\t\t\t\t\t<\/div><div class=\"item-list\">\r\n\t\t\t\t\t\t\t\t\t<div class=\"before-title\"> 09 <\/div>\r\n\t\t\t\t\t\t\t\t\t<div class=\"content\"> <div class=\"text\">Orientar e formar grupos de trabalho com o Minist\u00e9rio da Sa\u00fade sobre quest\u00f5es relevantes para o diagn\u00f3stico e tratamento das principais patologias cr\u00edticas;<\/div><\/div>\r\n\t\t\t\t\t\t\t\t<\/div><div class=\"item-list\">\r\n\t\t\t\t\t\t\t\t\t<div class=\"before-title\"> 10 <\/div>\r\n\t\t\t\t\t\t\t\t\t<div class=\"content\"> <div class=\"text\">Orientar o Conselho de Medicina em quest\u00f5es sindicais relacionadas \u00e0 especialidade.<\/div><\/div>\r\n\t\t\t\t\t\t\t\t<\/div>                \r\n            <\/div>\t\t<\/div>\n\t\t\t\t<\/div>\n\t\t\t\t\t<\/div>\n\t\t<\/div>\n\t\t\t\t\t\t\t<\/div>\n\t\t<\/section>\n\t\t\t\t\t\t\t<\/div>\n\t\t","protected":false},"excerpt":{"rendered":"<p>SOCHIMI A Sociedade Chilena de Medicina Intensiva (SOCHIMI) \u00e9 uma entidade de natureza cient\u00edfica docente e n\u00e3o ter\u00e1 fins lucrativos. A localiza\u00e7\u00e3o da Sociedade fica no munic\u00edpio [&hellip;]<\/p>\n","protected":false},"author":1,"featured_media":0,"parent":0,"menu_order":0,"comment_status":"closed","ping_status":"closed","template":"tpl\/front-page.php","meta":[],"yoast_head":"<!-- This site is optimized with the Yoast SEO plugin v20.5 - https:\/\/yoast.com\/wordpress\/plugins\/seo\/ -->\r\n<title>SOCHINI - UCIs Peruanas<\/title>\r\n<meta name=\"robots\" content=\"noindex, follow, max-snippet:-1, max-image-preview:large, max-video-preview:-1\" \/>\r\n<meta property=\"og:locale\" content=\"pt_BR\" \/>\r\n<meta property=\"og:type\" content=\"article\" \/>\r\n<meta property=\"og:title\" content=\"SOCHINI - UCIs Peruanas\" \/>\r\n<meta property=\"og:description\" content=\"SOCHIMI A Sociedade Chilena de Medicina Intensiva (SOCHIMI) \u00e9 uma entidade de natureza cient\u00edfica docente e n\u00e3o ter\u00e1 fins lucrativos. A localiza\u00e7\u00e3o da Sociedade fica no munic\u00edpio [&hellip;]\" \/>\r\n<meta property=\"og:url\" content=\"https:\/\/www.ucischilenas.com\/pt-br\/sochimi\/\" \/>\r\n<meta property=\"og:site_name\" content=\"UCIs Peruanas\" \/>\r\n<meta property=\"article:modified_time\" content=\"2023-06-01T14:46:02+00:00\" \/>\r\n<meta property=\"og:image\" content=\"https:\/\/www.ucischilenas.com\/wp-content\/uploads\/2023\/05\/logo-SOCHIMI-300x300.png\" \/>\r\n<meta name=\"twitter:card\" content=\"summary_large_image\" \/>\r\n<meta name=\"twitter:label1\" content=\"Est. tempo de leitura\" \/>\n\t<meta name=\"twitter:data1\" content=\"2 minutos\" \/>\r\n<script type=\"application\/ld+json\" class=\"yoast-schema-graph\">{\"@context\":\"https:\/\/schema.org\",\"@graph\":[{\"@type\":\"WebPage\",\"@id\":\"https:\/\/www.ucischilenas.com\/pt-br\/sochimi\/\",\"url\":\"https:\/\/www.ucischilenas.com\/pt-br\/sochimi\/\",\"name\":\"SOCHINI - UCIs Peruanas\",\"isPartOf\":{\"@id\":\"https:\/\/www.ucischilenas.com\/pt-br\/#website\"},\"datePublished\":\"2023-04-19T14:19:11+00:00\",\"dateModified\":\"2023-06-01T14:46:02+00:00\",\"breadcrumb\":{\"@id\":\"https:\/\/www.ucischilenas.com\/pt-br\/sochimi\/#breadcrumb\"},\"inLanguage\":\"pt-BR\",\"potentialAction\":[{\"@type\":\"ReadAction\",\"target\":[\"https:\/\/www.ucischilenas.com\/pt-br\/sochimi\/\"]}]},{\"@type\":\"BreadcrumbList\",\"@id\":\"https:\/\/www.ucischilenas.com\/pt-br\/sochimi\/#breadcrumb\",\"itemListElement\":[{\"@type\":\"ListItem\",\"position\":1,\"name\":\"In\u00edcio\",\"item\":\"https:\/\/www.ucischilenas.com\/pt-br\/home\/\"},{\"@type\":\"ListItem\",\"position\":2,\"name\":\"SOCHINI\"}]},{\"@type\":\"WebSite\",\"@id\":\"https:\/\/www.ucischilenas.com\/pt-br\/#website\",\"url\":\"https:\/\/www.ucischilenas.com\/pt-br\/\",\"name\":\"UCIs Peruanas\",\"description\":\"\",\"potentialAction\":[{\"@type\":\"SearchAction\",\"target\":{\"@type\":\"EntryPoint\",\"urlTemplate\":\"https:\/\/www.ucischilenas.com\/pt-br\/?s={search_term_string}\"},\"query-input\":\"required name=search_term_string\"}],\"inLanguage\":\"pt-BR\"}]}<\/script>\r\n<!-- \/ Yoast SEO plugin. -->","yoast_head_json":{"title":"SOCHINI - UCIs Peruanas","robots":{"index":"noindex","follow":"follow","max-snippet":"max-snippet:-1","max-image-preview":"max-image-preview:large","max-video-preview":"max-video-preview:-1"},"og_locale":"pt_BR","og_type":"article","og_title":"SOCHINI - UCIs Peruanas","og_description":"SOCHIMI A Sociedade Chilena de Medicina Intensiva (SOCHIMI) \u00e9 uma entidade de natureza cient\u00edfica docente e n\u00e3o ter\u00e1 fins lucrativos. A localiza\u00e7\u00e3o da Sociedade fica no munic\u00edpio [&hellip;]","og_url":"https:\/\/www.ucischilenas.com\/pt-br\/sochimi\/","og_site_name":"UCIs Peruanas","article_modified_time":"2023-06-01T14:46:02+00:00","og_image":[{"url":"https:\/\/www.ucischilenas.com\/wp-content\/uploads\/2023\/05\/logo-SOCHIMI-300x300.png"}],"twitter_card":"summary_large_image","twitter_misc":{"Est. tempo de leitura":"2 minutos"},"schema":{"@context":"https:\/\/schema.org","@graph":[{"@type":"WebPage","@id":"https:\/\/www.ucischilenas.com\/pt-br\/sochimi\/","url":"https:\/\/www.ucischilenas.com\/pt-br\/sochimi\/","name":"SOCHINI - UCIs Peruanas","isPartOf":{"@id":"https:\/\/www.ucischilenas.com\/pt-br\/#website"},"datePublished":"2023-04-19T14:19:11+00:00","dateModified":"2023-06-01T14:46:02+00:00","breadcrumb":{"@id":"https:\/\/www.ucischilenas.com\/pt-br\/sochimi\/#breadcrumb"},"inLanguage":"pt-BR","potentialAction":[{"@type":"ReadAction","target":["https:\/\/www.ucischilenas.com\/pt-br\/sochimi\/"]}]},{"@type":"BreadcrumbList","@id":"https:\/\/www.ucischilenas.com\/pt-br\/sochimi\/#breadcrumb","itemListElement":[{"@type":"ListItem","position":1,"name":"In\u00edcio","item":"https:\/\/www.ucischilenas.com\/pt-br\/home\/"},{"@type":"ListItem","position":2,"name":"SOCHINI"}]},{"@type":"WebSite","@id":"https:\/\/www.ucischilenas.com\/pt-br\/#website","url":"https:\/\/www.ucischilenas.com\/pt-br\/","name":"UCIs Peruanas","description":"","potentialAction":[{"@type":"SearchAction","target":{"@type":"EntryPoint","urlTemplate":"https:\/\/www.ucischilenas.com\/pt-br\/?s={search_term_string}"},"query-input":"required name=search_term_string"}],"inLanguage":"pt-BR"}]}},"_links":{"self":[{"href":"https:\/\/www.ucischilenas.com\/pt-br\/wp-json\/wp\/v2\/pages\/6043"}],"collection":[{"href":"https:\/\/www.ucischilenas.com\/pt-br\/wp-json\/wp\/v2\/pages"}],"about":[{"href":"https:\/\/www.ucischilenas.com\/pt-br\/wp-json\/wp\/v2\/types\/page"}],"author":[{"embeddable":true,"href":"https:\/\/www.ucischilenas.com\/pt-br\/wp-json\/wp\/v2\/users\/1"}],"replies":[{"embeddable":true,"href":"https:\/\/www.ucischilenas.com\/pt-br\/wp-json\/wp\/v2\/comments?post=6043"}],"version-history":[{"count":27,"href":"https:\/\/www.ucischilenas.com\/pt-br\/wp-json\/wp\/v2\/pages\/6043\/revisions"}],"predecessor-version":[{"id":6418,"href":"https:\/\/www.ucischilenas.com\/pt-br\/wp-json\/wp\/v2\/pages\/6043\/revisions\/6418"}],"wp:attachment":[{"href":"https:\/\/www.ucischilenas.com\/pt-br\/wp-json\/wp\/v2\/media?parent=6043"}],"curies":[{"name":"wp","href":"https:\/\/api.w.org\/{rel}","templated":true}]}}